{"id":271,"date":"2024-09-11T13:23:22","date_gmt":"2024-09-11T13:23:22","guid":{"rendered":"https:\/\/arquitecturatecnicacbc.com\/?page_id=271"},"modified":"2024-10-10T09:00:46","modified_gmt":"2024-10-10T09:00:46","slug":"contacto","status":"publish","type":"page","link":"https:\/\/arquitecturatecnicacbc.com\/en\/contacto\/","title":{"rendered":"CONTACTO"},"content":{"rendered":"<div data-elementor-type=\"wp-page\" data-elementor-id=\"271\" class=\"elementor elementor-271\" data-elementor-post-type=\"page\">\n\t\t\t\t<div class=\"elementor-element elementor-element-84ac0d4 e-flex e-con-boxed elementor-invisible e-con e-parent\" data-id=\"84ac0d4\" data-element_type=\"container\" data-settings=\"{&quot;background_background&quot;:&quot;classic&quot;,&quot;animation&quot;:&quot;fadeInUp&quot;}\">\n\t\t\t\t\t<div class=\"e-con-inner\">\n\t\t\t\t<div class=\"elementor-element elementor-element-7c4bead elementor-invisible elementor-widget elementor-widget-heading\" data-id=\"7c4bead\" data-element_type=\"widget\" data-settings=\"{&quot;_animation&quot;:&quot;fadeInUp&quot;}\" data-widget_type=\"heading.default\">\n\t\t\t\t<div class=\"elementor-widget-container\">\n\t\t\t\t\t<h2 class=\"elementor-heading-title elementor-size-default\"><i>Cont\u00e1ctame<\/i><\/h2>\t\t\t\t<\/div>\n\t\t\t\t<\/div>\n\t\t\t\t<div class=\"elementor-element elementor-element-f8b4140 elementor-widget elementor-widget-text-editor\" data-id=\"f8b4140\" data-element_type=\"widget\" data-widget_type=\"text-editor.default\">\n\t\t\t\t<div class=\"elementor-widget-container\">\n\t\t\t\t\t\t\t\t\t<p>Ponte en contacto a trav\u00e9s del n\u00famero de tel\u00e9fono 658 37 51 44 o a trav\u00e9s del correo electr\u00f3nico carlos@arquitecturatecnicacbc.com rellenando el siguiente formulario\u00a0<\/p>\t\t\t\t\t\t\t\t<\/div>\n\t\t\t\t<\/div>\n\t\t\t\t\t<\/div>\n\t\t\t\t<\/div>\n\t\t<div class=\"elementor-element elementor-element-e5948e0 e-flex e-con-boxed e-con e-parent\" data-id=\"e5948e0\" data-element_type=\"container\" data-settings=\"{&quot;background_background&quot;:&quot;classic&quot;}\">\n\t\t\t\t\t<div class=\"e-con-inner\">\n\t\t\t\t<div class=\"elementor-element elementor-element-8964a2e elementor-button-align-stretch elementor-widget elementor-widget-form\" data-id=\"8964a2e\" data-element_type=\"widget\" data-settings=\"{&quot;step_next_label&quot;:&quot;Siguiente&quot;,&quot;step_previous_label&quot;:&quot;Anterior&quot;,&quot;button_width&quot;:&quot;100&quot;,&quot;step_type&quot;:&quot;number_text&quot;,&quot;step_icon_shape&quot;:&quot;circle&quot;}\" data-widget_type=\"form.default\">\n\t\t\t\t<div class=\"elementor-widget-container\">\n\t\t\t\t\t\t\t<form class=\"elementor-form\" method=\"post\" name=\"Nuevo formulario\" action=\"\">\n\t\t\t<input type=\"hidden\" name=\"post_id\" value=\"271\"\/>\n\t\t\t<input type=\"hidden\" name=\"form_id\" value=\"8964a2e\"\/>\n\t\t\t<input type=\"hidden\" name=\"referer_title\" value=\"CONTACTO - arquitecturatecnicacbc.com\" \/>\n\n\t\t\t\t\t\t\t<input type=\"hidden\" name=\"queried_id\" value=\"271\"\/>\n\t\t\t\n\t\t\t<div class=\"elementor-form-fields-wrapper elementor-labels-above\">\n\t\t\t\t\t\t\t\t<div class=\"elementor-field-type-text elementor-field-group elementor-column elementor-field-group-name elementor-col-100 elementor-field-required elementor-mark-required\">\n\t\t\t\t\t\t\t\t\t\t\t\t<label for=\"form-field-name\" class=\"elementor-field-label\">\n\t\t\t\t\t\t\t\tNombre y apellidos\t\t\t\t\t\t\t<\/label>\n\t\t\t\t\t\t\t\t\t\t\t\t\t\t<input size=\"1\" type=\"text\" name=\"form_fields[name]\" id=\"form-field-name\" class=\"elementor-field elementor-size-sm  elementor-field-textual\" required=\"required\">\n\t\t\t\t\t\t\t\t\t\t\t<\/div>\n\t\t\t\t\t\t\t\t<div class=\"elementor-field-type-email elementor-field-group elementor-column elementor-field-group-email elementor-col-100 elementor-field-required elementor-mark-required\">\n\t\t\t\t\t\t\t\t\t\t\t\t<label for=\"form-field-email\" class=\"elementor-field-label\">\n\t\t\t\t\t\t\t\tCorreo electr\u00f3nico\t\t\t\t\t\t\t<\/label>\n\t\t\t\t\t\t\t\t\t\t\t\t\t\t<input size=\"1\" type=\"email\" name=\"form_fields[email]\" id=\"form-field-email\" class=\"elementor-field elementor-size-sm  elementor-field-textual\" required=\"required\">\n\t\t\t\t\t\t\t\t\t\t\t<\/div>\n\t\t\t\t\t\t\t\t<div class=\"elementor-field-type-textarea elementor-field-group elementor-column elementor-field-group-message elementor-col-100 elementor-field-required elementor-mark-required\">\n\t\t\t\t\t\t\t\t\t\t\t\t<label for=\"form-field-message\" class=\"elementor-field-label\">\n\t\t\t\t\t\t\t\tMotivo de tu consulta\t\t\t\t\t\t\t<\/label>\n\t\t\t\t\t\t<textarea class=\"elementor-field-textual elementor-field  elementor-size-sm\" name=\"form_fields[message]\" id=\"form-field-message\" rows=\"4\" required=\"required\"><\/textarea>\t\t\t\t<\/div>\n\t\t\t\t\t\t\t\t<div class=\"elementor-field-group elementor-column elementor-field-type-submit elementor-col-100 e-form__buttons\">\n\t\t\t\t\t<button class=\"elementor-button elementor-size-sm elementor-animation-shrink\" type=\"submit\">\n\t\t\t\t\t\t<span class=\"elementor-button-content-wrapper\">\n\t\t\t\t\t\t\t\t\t\t\t\t\t\t\t<span class=\"elementor-button-icon\">\n\t\t\t\t\t\t\t\t\t<svg aria-hidden=\"true\" class=\"e-font-icon-svg e-far-envelope\" viewbox=\"0 0 512 512\" xmlns=\"http:\/\/www.w3.org\/2000\/svg\"><path d=\"M464 64H48C21.49 64 0 85.49 0 112v288c0 26.51 21.49 48 48 48h416c26.51 0 48-21.49 48-48V112c0-26.51-21.49-48-48-48zm0 48v40.805c-22.422 18.259-58.168 46.651-134.587 106.49-16.841 13.247-50.201 45.072-73.413 44.701-23.208.375-56.579-31.459-73.413-44.701C106.18 199.465 70.425 171.067 48 152.805V112h416zM48 400V214.398c22.914 18.251 55.409 43.862 104.938 82.646 21.857 17.205 60.134 55.186 103.062 54.955 42.717.231 80.509-37.199 103.053-54.947 49.528-38.783 82.032-64.401 104.947-82.653V400H48z\"><\/path><\/svg>\t\t\t\t\t\t\t\t\t\t\t\t\t\t\t\t\t<\/span>\n\t\t\t\t\t\t\t\t\t\t\t\t\t\t\t\t\t\t\t\t\t\t<span class=\"elementor-button-text\">Enviar<\/span>\n\t\t\t\t\t\t\t\t\t\t\t\t\t<\/span>\n\t\t\t\t\t<\/button>\n\t\t\t\t<\/div>\n\t\t\t<\/div>\n\t\t<input type=\"hidden\" name=\"trp-form-language\" value=\"en\"\/><\/form>\n\t\t\t\t\t\t<\/div>\n\t\t\t\t<\/div>\n\t\t\t\t\t<\/div>\n\t\t\t\t<\/div>\n\t\t\t\t<\/div>","protected":false},"excerpt":{"rendered":"<p>Cont\u00e1ctame Ponte en contacto a trav\u00e9s del n\u00famero de tel\u00e9fono 658 37 51 44 o a trav\u00e9s del correo electr\u00f3nico carlos@arquitecturatecnicacbc.com rellenando el siguiente formulario\u00a0<\/p>","protected":false},"author":1,"featured_media":0,"parent":0,"menu_order":0,"comment_status":"closed","ping_status":"closed","template":"","meta":{"footnotes":""},"class_list":["post-271","page","type-page","status-publish","hentry"],"yoast_head":"<!-- This site is optimized with the Yoast SEO plugin v23.4 - https:\/\/yoast.com\/wordpress\/plugins\/seo\/ -->\n<title>CONTACTO - arquitecturatecnicacbc.com<\/title>\n<meta name=\"description\" content=\"Si necesitas un arquitecto t\u00e9cnico ponte en contacto a trav\u00e9s del n\u00famero de tel\u00e9fono 658 37 51 44 o rellenando este formulario.\" \/>\n<meta name=\"robots\" content=\"index, follow, max-snippet:-1, max-image-preview:large, max-video-preview:-1\" \/>\n<link rel=\"canonical\" href=\"https:\/\/arquitecturatecnicacbc.com\/en\/contacto\/\" \/>\n<meta property=\"og:locale\" content=\"en_US\" \/>\n<meta property=\"og:type\" content=\"article\" \/>\n<meta property=\"og:title\" content=\"CONTACTO - arquitecturatecnicacbc.com\" \/>\n<meta property=\"og:description\" content=\"Si necesitas un arquitecto t\u00e9cnico ponte en contacto a trav\u00e9s del n\u00famero de tel\u00e9fono 658 37 51 44 o rellenando este formulario.\" \/>\n<meta property=\"og:url\" content=\"https:\/\/arquitecturatecnicacbc.com\/en\/contacto\/\" \/>\n<meta property=\"og:site_name\" content=\"arquitecturatecnicacbc.com\" \/>\n<meta property=\"article:modified_time\" content=\"2024-10-10T09:00:46+00:00\" \/>\n<meta name=\"twitter:card\" content=\"summary_large_image\" \/>\n<meta name=\"twitter:label1\" content=\"Est. reading time\" \/>\n\t<meta name=\"twitter:data1\" content=\"1 minute\" \/>\n<script type=\"application\/ld+json\" class=\"yoast-schema-graph\">{\"@context\":\"https:\/\/schema.org\",\"@graph\":[{\"@type\":\"WebPage\",\"@id\":\"https:\/\/arquitecturatecnicacbc.com\/contacto\/\",\"url\":\"https:\/\/arquitecturatecnicacbc.com\/contacto\/\",\"name\":\"CONTACTO - arquitecturatecnicacbc.com\",\"isPartOf\":{\"@id\":\"https:\/\/arquitecturatecnicacbc.com\/#website\"},\"datePublished\":\"2024-09-11T13:23:22+00:00\",\"dateModified\":\"2024-10-10T09:00:46+00:00\",\"description\":\"Si necesitas un arquitecto t\u00e9cnico ponte en contacto a trav\u00e9s del n\u00famero de tel\u00e9fono 658 37 51 44 o rellenando este formulario.\",\"breadcrumb\":{\"@id\":\"https:\/\/arquitecturatecnicacbc.com\/contacto\/#breadcrumb\"},\"inLanguage\":\"en-US\",\"potentialAction\":[{\"@type\":\"ReadAction\",\"target\":[\"https:\/\/arquitecturatecnicacbc.com\/contacto\/\"]}]},{\"@type\":\"BreadcrumbList\",\"@id\":\"https:\/\/arquitecturatecnicacbc.com\/contacto\/#breadcrumb\",\"itemListElement\":[{\"@type\":\"ListItem\",\"position\":1,\"name\":\"Portada\",\"item\":\"https:\/\/arquitecturatecnicacbc.com\/\"},{\"@type\":\"ListItem\",\"position\":2,\"name\":\"CONTACTO\"}]},{\"@type\":\"WebSite\",\"@id\":\"https:\/\/arquitecturatecnicacbc.com\/#website\",\"url\":\"https:\/\/arquitecturatecnicacbc.com\/\",\"name\":\"arquitecturatecnicacbc.com\",\"description\":\"\",\"publisher\":{\"@id\":\"https:\/\/arquitecturatecnicacbc.com\/#organization\"},\"potentialAction\":[{\"@type\":\"SearchAction\",\"target\":{\"@type\":\"EntryPoint\",\"urlTemplate\":\"https:\/\/arquitecturatecnicacbc.com\/?s={search_term_string}\"},\"query-input\":{\"@type\":\"PropertyValueSpecification\",\"valueRequired\":true,\"valueName\":\"search_term_string\"}}],\"inLanguage\":\"en-US\"},{\"@type\":\"Organization\",\"@id\":\"https:\/\/arquitecturatecnicacbc.com\/#organization\",\"name\":\"arquitecturatecnicacbc.com\",\"url\":\"https:\/\/arquitecturatecnicacbc.com\/\",\"logo\":{\"@type\":\"ImageObject\",\"inLanguage\":\"en-US\",\"@id\":\"https:\/\/arquitecturatecnicacbc.com\/#\/schema\/logo\/image\/\",\"url\":\"https:\/\/arquitecturatecnicacbc.com\/wp-content\/uploads\/2024\/09\/LOGOTIPO-CARLOS-BENITEZ.png\",\"contentUrl\":\"https:\/\/arquitecturatecnicacbc.com\/wp-content\/uploads\/2024\/09\/LOGOTIPO-CARLOS-BENITEZ.png\",\"width\":2561,\"height\":279,\"caption\":\"arquitecturatecnicacbc.com\"},\"image\":{\"@id\":\"https:\/\/arquitecturatecnicacbc.com\/#\/schema\/logo\/image\/\"}}]}<\/script>\n<!-- \/ Yoast SEO plugin. -->","yoast_head_json":{"title":"CONTACTO - arquitecturatecnicacbc.com","description":"Si necesitas un arquitecto t\u00e9cnico ponte en contacto a trav\u00e9s del n\u00famero de tel\u00e9fono 658 37 51 44 o rellenando este formulario.","robots":{"index":"index","follow":"follow","max-snippet":"max-snippet:-1","max-image-preview":"max-image-preview:large","max-video-preview":"max-video-preview:-1"},"canonical":"https:\/\/arquitecturatecnicacbc.com\/en\/contacto\/","og_locale":"en_US","og_type":"article","og_title":"CONTACTO - arquitecturatecnicacbc.com","og_description":"Si necesitas un arquitecto t\u00e9cnico ponte en contacto a trav\u00e9s del n\u00famero de tel\u00e9fono 658 37 51 44 o rellenando este formulario.","og_url":"https:\/\/arquitecturatecnicacbc.com\/en\/contacto\/","og_site_name":"arquitecturatecnicacbc.com","article_modified_time":"2024-10-10T09:00:46+00:00","twitter_card":"summary_large_image","twitter_misc":{"Est. reading time":"1 minute"},"schema":{"@context":"https:\/\/schema.org","@graph":[{"@type":"WebPage","@id":"https:\/\/arquitecturatecnicacbc.com\/contacto\/","url":"https:\/\/arquitecturatecnicacbc.com\/contacto\/","name":"CONTACTO - arquitecturatecnicacbc.com","isPartOf":{"@id":"https:\/\/arquitecturatecnicacbc.com\/#website"},"datePublished":"2024-09-11T13:23:22+00:00","dateModified":"2024-10-10T09:00:46+00:00","description":"Si necesitas un arquitecto t\u00e9cnico ponte en contacto a trav\u00e9s del n\u00famero de tel\u00e9fono 658 37 51 44 o rellenando este formulario.","breadcrumb":{"@id":"https:\/\/arquitecturatecnicacbc.com\/contacto\/#breadcrumb"},"inLanguage":"en-US","potentialAction":[{"@type":"ReadAction","target":["https:\/\/arquitecturatecnicacbc.com\/contacto\/"]}]},{"@type":"BreadcrumbList","@id":"https:\/\/arquitecturatecnicacbc.com\/contacto\/#breadcrumb","itemListElement":[{"@type":"ListItem","position":1,"name":"Portada","item":"https:\/\/arquitecturatecnicacbc.com\/"},{"@type":"ListItem","position":2,"name":"CONTACTO"}]},{"@type":"WebSite","@id":"https:\/\/arquitecturatecnicacbc.com\/#website","url":"https:\/\/arquitecturatecnicacbc.com\/","name":"arquitecturatecnicacbc.com","description":"","publisher":{"@id":"https:\/\/arquitecturatecnicacbc.com\/#organization"},"potentialAction":[{"@type":"SearchAction","target":{"@type":"EntryPoint","urlTemplate":"https:\/\/arquitecturatecnicacbc.com\/?s={search_term_string}"},"query-input":{"@type":"PropertyValueSpecification","valueRequired":true,"valueName":"search_term_string"}}],"inLanguage":"en-US"},{"@type":"Organization","@id":"https:\/\/arquitecturatecnicacbc.com\/#organization","name":"arquitecturatecnicacbc.com","url":"https:\/\/arquitecturatecnicacbc.com\/","logo":{"@type":"ImageObject","inLanguage":"en-US","@id":"https:\/\/arquitecturatecnicacbc.com\/#\/schema\/logo\/image\/","url":"https:\/\/arquitecturatecnicacbc.com\/wp-content\/uploads\/2024\/09\/LOGOTIPO-CARLOS-BENITEZ.png","contentUrl":"https:\/\/arquitecturatecnicacbc.com\/wp-content\/uploads\/2024\/09\/LOGOTIPO-CARLOS-BENITEZ.png","width":2561,"height":279,"caption":"arquitecturatecnicacbc.com"},"image":{"@id":"https:\/\/arquitecturatecnicacbc.com\/#\/schema\/logo\/image\/"}}]}},"_links":{"self":[{"href":"https:\/\/arquitecturatecnicacbc.com\/en\/wp-json\/wp\/v2\/pages\/271"}],"collection":[{"href":"https:\/\/arquitecturatecnicacbc.com\/en\/wp-json\/wp\/v2\/pages"}],"about":[{"href":"https:\/\/arquitecturatecnicacbc.com\/en\/wp-json\/wp\/v2\/types\/page"}],"author":[{"embeddable":true,"href":"https:\/\/arquitecturatecnicacbc.com\/en\/wp-json\/wp\/v2\/users\/1"}],"replies":[{"embeddable":true,"href":"https:\/\/arquitecturatecnicacbc.com\/en\/wp-json\/wp\/v2\/comments?post=271"}],"version-history":[{"count":25,"href":"https:\/\/arquitecturatecnicacbc.com\/en\/wp-json\/wp\/v2\/pages\/271\/revisions"}],"predecessor-version":[{"id":498,"href":"https:\/\/arquitecturatecnicacbc.com\/en\/wp-json\/wp\/v2\/pages\/271\/revisions\/498"}],"wp:attachment":[{"href":"https:\/\/arquitecturatecnicacbc.com\/en\/wp-json\/wp\/v2\/media?parent=271"}],"curies":[{"name":"wp","href":"https:\/\/api.w.org\/{rel}","templated":true}]}}