{"id":117,"date":"2024-09-10T15:37:16","date_gmt":"2024-09-10T15:37:16","guid":{"rendered":"https:\/\/arquitecturatecnicacbc.com\/?page_id=117"},"modified":"2024-10-24T08:16:18","modified_gmt":"2024-10-24T08:16:18","slug":"acerca-de-mi","status":"publish","type":"page","link":"https:\/\/arquitecturatecnicacbc.com\/en\/acerca-de-mi\/","title":{"rendered":"SOBRE M\u00cd"},"content":{"rendered":"<div data-elementor-type=\"wp-page\" data-elementor-id=\"117\" class=\"elementor elementor-117\" data-elementor-post-type=\"page\">\n\t\t\t\t<div class=\"elementor-element elementor-element-4812426 e-flex e-con-boxed e-con e-parent\" data-id=\"4812426\" data-element_type=\"container\" data-settings=\"{&quot;background_background&quot;:&quot;classic&quot;}\">\n\t\t\t\t\t<div class=\"e-con-inner\">\n\t\t\t\t<div class=\"elementor-element elementor-element-8c11df4 elementor-invisible elementor-widget elementor-widget-heading\" data-id=\"8c11df4\" data-element_type=\"widget\" data-settings=\"{&quot;_animation&quot;:&quot;fadeInUp&quot;}\" data-widget_type=\"heading.default\">\n\t\t\t\t<div class=\"elementor-widget-container\">\n\t\t\t\t\t<h2 class=\"elementor-heading-title elementor-size-default\">Sobre <i>m\u00ed<\/i><\/h2>\t\t\t\t<\/div>\n\t\t\t\t<\/div>\n\t\t\t\t\t<\/div>\n\t\t\t\t<\/div>\n\t\t<div class=\"elementor-element elementor-element-34091d8 e-flex e-con-boxed e-con e-parent\" data-id=\"34091d8\" data-element_type=\"container\" data-settings=\"{&quot;background_background&quot;:&quot;classic&quot;}\">\n\t\t\t\t\t<div class=\"e-con-inner\">\n\t\t\t\t<div class=\"elementor-element elementor-element-260cb6c elementor-invisible elementor-widget elementor-widget-text-editor\" data-id=\"260cb6c\" data-element_type=\"widget\" data-settings=\"{&quot;_animation&quot;:&quot;bounceInUp&quot;,&quot;motion_fx_motion_fx_scrolling&quot;:&quot;yes&quot;,&quot;motion_fx_scale_effect&quot;:&quot;yes&quot;,&quot;motion_fx_scale_speed&quot;:{&quot;unit&quot;:&quot;px&quot;,&quot;size&quot;:2,&quot;sizes&quot;:[]},&quot;motion_fx_scale_range&quot;:{&quot;unit&quot;:&quot;%&quot;,&quot;size&quot;:&quot;&quot;,&quot;sizes&quot;:{&quot;start&quot;:50,&quot;end&quot;:80}},&quot;motion_fx_scale_direction&quot;:&quot;out-in&quot;,&quot;motion_fx_devices&quot;:[&quot;desktop&quot;,&quot;tablet&quot;,&quot;mobile&quot;]}\" data-widget_type=\"text-editor.default\">\n\t\t\t\t<div class=\"elementor-widget-container\">\n\t\t\t\t\t\t\t\t\t<p>Soy <i>Carlos Ben\u00edtez Collado<\/i><\/p>\t\t\t\t\t\t\t\t<\/div>\n\t\t\t\t<\/div>\n\t\t\t\t<div class=\"elementor-element elementor-element-222bbea elementor-invisible elementor-widget elementor-widget-text-editor\" data-id=\"222bbea\" data-element_type=\"widget\" data-settings=\"{&quot;_animation&quot;:&quot;fadeInUp&quot;}\" data-widget_type=\"text-editor.default\">\n\t\t\t\t<div class=\"elementor-widget-container\">\n\t\t\t\t\t\t\t\t\t<p style=\"margin-top:12.0pt;margin-right:0cm;margin-bottom: 12.0pt;margin-left:0cm;border:none;mso-padding-alt:31.0pt 31.0pt 31.0pt 31.0pt; mso-border-shadow:yes\"><span style=\"font-size:12.0pt;font-family:Montserrat;mso-fareast-font-family:Montserrat;mso-bidi-font-family:Montserrat;mso-ansi-language:ES;mso-fareast-language:ES;mso-bidi-language:AR-SA\">Arquitecto t\u00e9cnico,\ncolegiado en el COAATBA (Colegio Oficial de Aparejadores y Arquitectos T\u00e9cnicos\nde Badajoz), y me dedico a este sector desde el a\u00f1o 2016.<\/span><br><\/p>\t\t\t\t\t\t\t\t<\/div>\n\t\t\t\t<\/div>\n\t\t\t\t\t<\/div>\n\t\t\t\t<\/div>\n\t\t<div class=\"elementor-element elementor-element-edda8da e-flex e-con-boxed elementor-invisible e-con e-parent\" data-id=\"edda8da\" data-element_type=\"container\" data-settings=\"{&quot;animation&quot;:&quot;fadeInUp&quot;}\">\n\t\t\t\t\t<div class=\"e-con-inner\">\n\t\t\t\t<div class=\"elementor-element elementor-element-555ab97 elementor-widget elementor-widget-image\" data-id=\"555ab97\" data-element_type=\"widget\" data-widget_type=\"image.default\">\n\t\t\t\t<div class=\"elementor-widget-container\">\n\t\t\t\t\t\t\t\t\t\t\t\t\t\t\t<img fetchpriority=\"high\" decoding=\"async\" width=\"1755\" height=\"2194\" src=\"https:\/\/arquitecturatecnicacbc.com\/wp-content\/uploads\/2024\/10\/CARLOS-BENITEZ-COLLADO-2.png\" class=\"attachment-full size-full wp-image-444\" alt=\"\" srcset=\"https:\/\/arquitecturatecnicacbc.com\/wp-content\/uploads\/2024\/10\/CARLOS-BENITEZ-COLLADO-2.png 1755w, https:\/\/arquitecturatecnicacbc.com\/wp-content\/uploads\/2024\/10\/CARLOS-BENITEZ-COLLADO-2-240x300.png 240w, https:\/\/arquitecturatecnicacbc.com\/wp-content\/uploads\/2024\/10\/CARLOS-BENITEZ-COLLADO-2-819x1024.png 819w, https:\/\/arquitecturatecnicacbc.com\/wp-content\/uploads\/2024\/10\/CARLOS-BENITEZ-COLLADO-2-768x960.png 768w, https:\/\/arquitecturatecnicacbc.com\/wp-content\/uploads\/2024\/10\/CARLOS-BENITEZ-COLLADO-2-1229x1536.png 1229w, https:\/\/arquitecturatecnicacbc.com\/wp-content\/uploads\/2024\/10\/CARLOS-BENITEZ-COLLADO-2-1638x2048.png 1638w\" sizes=\"(max-width: 1755px) 100vw, 1755px\" \/>\t\t\t\t\t\t\t\t\t\t\t\t\t\t\t<\/div>\n\t\t\t\t<\/div>\n\t\t\t\t<div class=\"elementor-element elementor-element-9100535 elementor-widget elementor-widget-text-editor\" data-id=\"9100535\" data-element_type=\"widget\" data-widget_type=\"text-editor.default\">\n\t\t\t\t<div class=\"elementor-widget-container\">\n\t\t\t\t\t\t\t\t\t<p>Que me dedique a esta profesi\u00f3n viene motivado por mi inter\u00e9s por la construcci\u00f3n desde que era ni\u00f1o, fruto de la dedicaci\u00f3n de mi familia a este sector. Gracias a mi profesi\u00f3n puedo disfrutar y participar, entre otros tipos de trabajos, del proceso completo de construcci\u00f3n o reforma de edificios, interviniendo de manera t\u00e9cnica, obteniendo una gran satisfacci\u00f3n con el resultado final.<\/p>\t\t\t\t\t\t\t\t<\/div>\n\t\t\t\t<\/div>\n\t\t\t\t\t<\/div>\n\t\t\t\t<\/div>\n\t\t<div class=\"elementor-element elementor-element-6da2156 e-con-full e-flex e-con e-parent\" data-id=\"6da2156\" data-element_type=\"container\">\n\t\t<div class=\"elementor-element elementor-element-92dc559 e-con-full e-flex elementor-invisible e-con e-child\" data-id=\"92dc559\" data-element_type=\"container\" data-settings=\"{&quot;animation&quot;:&quot;fadeInUp&quot;}\">\n\t\t\t\t<div class=\"elementor-element elementor-element-6dd7fd9 elementor-view-default elementor-widget elementor-widget-icon\" data-id=\"6dd7fd9\" data-element_type=\"widget\" data-widget_type=\"icon.default\">\n\t\t\t\t<div class=\"elementor-widget-container\">\n\t\t\t\t\t\t\t<div class=\"elementor-icon-wrapper\">\n\t\t\t<div class=\"elementor-icon elementor-animation-shrink\">\n\t\t\t<svg aria-hidden=\"true\" class=\"e-font-icon-svg e-fas-award\" viewbox=\"0 0 384 512\" xmlns=\"http:\/\/www.w3.org\/2000\/svg\"><path d=\"M97.12 362.63c-8.69-8.69-4.16-6.24-25.12-11.85-9.51-2.55-17.87-7.45-25.43-13.32L1.2 448.7c-4.39 10.77 3.81 22.47 15.43 22.03l52.69-2.01L105.56 507c8 8.44 22.04 5.81 26.43-4.96l52.05-127.62c-10.84 6.04-22.87 9.58-35.31 9.58-19.5 0-37.82-7.59-51.61-21.37zM382.8 448.7l-45.37-111.24c-7.56 5.88-15.92 10.77-25.43 13.32-21.07 5.64-16.45 3.18-25.12 11.85-13.79 13.78-32.12 21.37-51.62 21.37-12.44 0-24.47-3.55-35.31-9.58L252 502.04c4.39 10.77 18.44 13.4 26.43 4.96l36.25-38.28 52.69 2.01c11.62.44 19.82-11.27 15.43-22.03zM263 340c15.28-15.55 17.03-14.21 38.79-20.14 13.89-3.79 24.75-14.84 28.47-28.98 7.48-28.4 5.54-24.97 25.95-45.75 10.17-10.35 14.14-25.44 10.42-39.58-7.47-28.38-7.48-24.42 0-52.83 3.72-14.14-.25-29.23-10.42-39.58-20.41-20.78-18.47-17.36-25.95-45.75-3.72-14.14-14.58-25.19-28.47-28.98-27.88-7.61-24.52-5.62-44.95-26.41-10.17-10.35-25-14.4-38.89-10.61-27.87 7.6-23.98 7.61-51.9 0-13.89-3.79-28.72.25-38.89 10.61-20.41 20.78-17.05 18.8-44.94 26.41-13.89 3.79-24.75 14.84-28.47 28.98-7.47 28.39-5.54 24.97-25.95 45.75-10.17 10.35-14.15 25.44-10.42 39.58 7.47 28.36 7.48 24.4 0 52.82-3.72 14.14.25 29.23 10.42 39.59 20.41 20.78 18.47 17.35 25.95 45.75 3.72 14.14 14.58 25.19 28.47 28.98C104.6 325.96 106.27 325 121 340c13.23 13.47 33.84 15.88 49.74 5.82a39.676 39.676 0 0 1 42.53 0c15.89 10.06 36.5 7.65 49.73-5.82zM97.66 175.96c0-53.03 42.24-96.02 94.34-96.02s94.34 42.99 94.34 96.02-42.24 96.02-94.34 96.02-94.34-42.99-94.34-96.02z\"><\/path><\/svg>\t\t\t<\/div>\n\t\t<\/div>\n\t\t\t\t\t\t<\/div>\n\t\t\t\t<\/div>\n\t\t\t\t<div class=\"elementor-element elementor-element-932118d elementor-invisible elementor-widget elementor-widget-text-editor\" data-id=\"932118d\" data-element_type=\"widget\" data-settings=\"{&quot;_animation&quot;:&quot;fadeInUp&quot;}\" data-widget_type=\"text-editor.default\">\n\t\t\t\t<div class=\"elementor-widget-container\">\n\t\t\t\t\t\t\t\t\t<p>Tengo gran experiencia en diferentes ramas de mi profesi\u00f3n, entre las que llevo a cabo diferentes trabajos como elaboraci\u00f3n y gesti\u00f3n de proyectos t\u00e9cnicos de obra (obra nueva, reforma, rehabilitaci\u00f3n, acondicionamiento\u2026), as\u00ed como en la direcci\u00f3n de obra, direcci\u00f3n de ejecuci\u00f3n de obras y en la coordinaci\u00f3n de seguridad y salud. Tambi\u00e9n he desarrollado numerosos trabajos como t\u00e9cnico de empresa constructora.<\/p>\t\t\t\t\t\t\t\t<\/div>\n\t\t\t\t<\/div>\n\t\t\t\t<\/div>\n\t\t<div class=\"elementor-element elementor-element-c9cb9a3 e-con-full e-flex elementor-invisible e-con e-child\" data-id=\"c9cb9a3\" data-element_type=\"container\" data-settings=\"{&quot;animation&quot;:&quot;fadeInUp&quot;}\">\n\t\t\t\t<div class=\"elementor-element elementor-element-d0a752a elementor-view-default elementor-widget elementor-widget-icon\" data-id=\"d0a752a\" data-element_type=\"widget\" data-widget_type=\"icon.default\">\n\t\t\t\t<div class=\"elementor-widget-container\">\n\t\t\t\t\t\t\t<div class=\"elementor-icon-wrapper\">\n\t\t\t<div class=\"elementor-icon elementor-animation-shrink\">\n\t\t\t<svg aria-hidden=\"true\" class=\"e-font-icon-svg e-fas-pen-nib\" viewbox=\"0 0 512 512\" xmlns=\"http:\/\/www.w3.org\/2000\/svg\"><path d=\"M136.6 138.79a64.003 64.003 0 0 0-43.31 41.35L0 460l14.69 14.69L164.8 324.58c-2.99-6.26-4.8-13.18-4.8-20.58 0-26.51 21.49-48 48-48s48 21.49 48 48-21.49 48-48 48c-7.4 0-14.32-1.81-20.58-4.8L37.31 497.31 52 512l279.86-93.29a64.003 64.003 0 0 0 41.35-43.31L416 224 288 96l-151.4 42.79zm361.34-64.62l-60.11-60.11c-18.75-18.75-49.16-18.75-67.91 0l-56.55 56.55 128.02 128.02 56.55-56.55c18.75-18.75 18.75-49.15 0-67.91z\"><\/path><\/svg>\t\t\t<\/div>\n\t\t<\/div>\n\t\t\t\t\t\t<\/div>\n\t\t\t\t<\/div>\n\t\t\t\t<div class=\"elementor-element elementor-element-44ebd4b elementor-invisible elementor-widget elementor-widget-text-editor\" data-id=\"44ebd4b\" data-element_type=\"widget\" data-settings=\"{&quot;_animation&quot;:&quot;fadeInUp&quot;}\" data-widget_type=\"text-editor.default\">\n\t\t\t\t<div class=\"elementor-widget-container\">\n\t\t\t\t\t\t\t\t\t<p>Tambi\u00e9n me dedico a la gesti\u00f3n y resoluci\u00f3n de tr\u00e1mites documentales para la inscripci\u00f3n y\/o compraventa de inmuebles. Mi trabajo consiste en una atenci\u00f3n y gesti\u00f3n integral, con la elaboraci\u00f3n de documentaci\u00f3n t\u00e9cnica que se presenta ante el ayuntamiento o administraci\u00f3n necesaria para la obtenci\u00f3n de los distintos certificados o licencias necesarias; la posterior tramitaci\u00f3n en notar\u00eda; la presentaci\u00f3n de documentos para liquidaci\u00f3n de impuestos; y la presentaci\u00f3n de la documentaci\u00f3n en el registro de la propiedad para su inscripci\u00f3n.<\/p>\t\t\t\t\t\t\t\t<\/div>\n\t\t\t\t<\/div>\n\t\t\t\t<\/div>\n\t\t<div class=\"elementor-element elementor-element-838e1da e-con-full e-flex elementor-invisible e-con e-child\" data-id=\"838e1da\" data-element_type=\"container\" data-settings=\"{&quot;animation&quot;:&quot;fadeInUp&quot;}\">\n\t\t\t\t<div class=\"elementor-element elementor-element-e965c78 elementor-view-default elementor-widget elementor-widget-icon\" data-id=\"e965c78\" data-element_type=\"widget\" data-widget_type=\"icon.default\">\n\t\t\t\t<div class=\"elementor-widget-container\">\n\t\t\t\t\t\t\t<div class=\"elementor-icon-wrapper\">\n\t\t\t<div class=\"elementor-icon elementor-animation-shrink\">\n\t\t\t<svg aria-hidden=\"true\" class=\"e-font-icon-svg e-far-handshake\" viewbox=\"0 0 640 512\" xmlns=\"http:\/\/www.w3.org\/2000\/svg\"><path d=\"M519.2 127.9l-47.6-47.6A56.252 56.252 0 0 0 432 64H205.2c-14.8 0-29.1 5.9-39.6 16.3L118 127.9H0v255.7h64c17.6 0 31.8-14.2 31.9-31.7h9.1l84.6 76.4c30.9 25.1 73.8 25.7 105.6 3.8 12.5 10.8 26 15.9 41.1 15.9 18.2 0 35.3-7.4 48.8-24 22.1 8.7 48.2 2.6 64-16.8l26.2-32.3c5.6-6.9 9.1-14.8 10.9-23h57.9c.1 17.5 14.4 31.7 31.9 31.7h64V127.9H519.2zM48 351.6c-8.8 0-16-7.2-16-16s7.2-16 16-16 16 7.2 16 16c0 8.9-7.2 16-16 16zm390-6.9l-26.1 32.2c-2.8 3.4-7.8 4-11.3 1.2l-23.9-19.4-30 36.5c-6 7.3-15 4.8-18 2.4l-36.8-31.5-15.6 19.2c-13.9 17.1-39.2 19.7-55.3 6.6l-97.3-88H96V175.8h41.9l61.7-61.6c2-.8 3.7-1.5 5.7-2.3H262l-38.7 35.5c-29.4 26.9-31.1 72.3-4.4 101.3 14.8 16.2 61.2 41.2 101.5 4.4l8.2-7.5 108.2 87.8c3.4 2.8 3.9 7.9 1.2 11.3zm106-40.8h-69.2c-2.3-2.8-4.9-5.4-7.7-7.7l-102.7-83.4 12.5-11.4c6.5-6 7-16.1 1-22.6L367 167.1c-6-6.5-16.1-6.9-22.6-1l-55.2 50.6c-9.5 8.7-25.7 9.4-34.6 0-9.3-9.9-8.5-25.1 1.2-33.9l65.6-60.1c7.4-6.8 17-10.5 27-10.5l83.7-.2c2.1 0 4.1.8 5.5 2.3l61.7 61.6H544v128zm48 47.7c-8.8 0-16-7.2-16-16s7.2-16 16-16 16 7.2 16 16c0 8.9-7.2 16-16 16z\"><\/path><\/svg>\t\t\t<\/div>\n\t\t<\/div>\n\t\t\t\t\t\t<\/div>\n\t\t\t\t<\/div>\n\t\t\t\t<div class=\"elementor-element elementor-element-41d7885 elementor-invisible elementor-widget elementor-widget-text-editor\" data-id=\"41d7885\" data-element_type=\"widget\" data-settings=\"{&quot;_animation&quot;:&quot;fadeInUp&quot;}\" data-widget_type=\"text-editor.default\">\n\t\t\t\t<div class=\"elementor-widget-container\">\n\t\t\t\t\t\t\t\t\t<p>Adem\u00e1s de realizar las gestiones de una inmobiliaria convencional, presto servicios personalizados para tus necesidades inmobiliarias, ya sea para vender, comprar y\/o alquilar un inmueble.<\/p>\t\t\t\t\t\t\t\t<\/div>\n\t\t\t\t<\/div>\n\t\t\t\t<\/div>\n\t\t\t\t<\/div>\n\t\t<div class=\"elementor-element elementor-element-e3e6082 e-flex e-con-boxed elementor-invisible e-con e-parent\" data-id=\"e3e6082\" data-element_type=\"container\" data-settings=\"{&quot;background_background&quot;:&quot;classic&quot;,&quot;animation&quot;:&quot;fadeInUp&quot;}\">\n\t\t\t\t\t<div class=\"e-con-inner\">\n\t\t\t\t<div class=\"elementor-element elementor-element-9b13bf4 elementor-invisible elementor-widget elementor-widget-text-editor\" data-id=\"9b13bf4\" data-element_type=\"widget\" data-settings=\"{&quot;_animation&quot;:&quot;bounceInUp&quot;,&quot;motion_fx_motion_fx_scrolling&quot;:&quot;yes&quot;,&quot;motion_fx_scale_effect&quot;:&quot;yes&quot;,&quot;motion_fx_scale_speed&quot;:{&quot;unit&quot;:&quot;px&quot;,&quot;size&quot;:2,&quot;sizes&quot;:[]},&quot;motion_fx_scale_range&quot;:{&quot;unit&quot;:&quot;%&quot;,&quot;size&quot;:&quot;&quot;,&quot;sizes&quot;:{&quot;start&quot;:50,&quot;end&quot;:80}},&quot;motion_fx_scale_direction&quot;:&quot;out-in&quot;,&quot;motion_fx_devices&quot;:[&quot;desktop&quot;,&quot;tablet&quot;,&quot;mobile&quot;]}\" data-widget_type=\"text-editor.default\">\n\t\t\t\t<div class=\"elementor-widget-container\">\n\t\t\t\t\t\t\t\t\t<p>Me dedico a <i>facilitarte <\/i>las gestiones y a <i>despreocuparte <\/i>en las distintas operaciones necesarias para <i>hacer cumplir tus prop\u00f3sitos.<\/i><\/p>\t\t\t\t\t\t\t\t<\/div>\n\t\t\t\t<\/div>\n\t\t\t\t\t<\/div>\n\t\t\t\t<\/div>\n\t\t\t\t<\/div>","protected":false},"excerpt":{"rendered":"<p>Sobre m\u00ed Soy Carlos Ben\u00edtez Collado Arquitecto t\u00e9cnico, colegiado en el COAATBA (Colegio Oficial de Aparejadores y Arquitectos T\u00e9cnicos de Badajoz), y me dedico a este sector desde el a\u00f1o 2016. Que me dedique a esta profesi\u00f3n viene motivado por mi inter\u00e9s por la construcci\u00f3n desde que era ni\u00f1o, fruto de la dedicaci\u00f3n de mi [&hellip;]<\/p>","protected":false},"author":1,"featured_media":0,"parent":0,"menu_order":0,"comment_status":"closed","ping_status":"closed","template":"","meta":{"footnotes":""},"class_list":["post-117","page","type-page","status-publish","hentry"],"yoast_head":"<!-- This site is optimized with the Yoast SEO plugin v23.4 - https:\/\/yoast.com\/wordpress\/plugins\/seo\/ -->\n<title>SOBRE M\u00cd - arquitecturatecnicacbc.com<\/title>\n<meta name=\"description\" content=\"Soy arquitecto t\u00e9cnico, colegiado en el COAATBA (Colegio Oficial de Aparejadores y Arquitectos T\u00e9cnicos de Badajoz), desde el 2016.\" \/>\n<meta name=\"robots\" content=\"index, follow, max-snippet:-1, max-image-preview:large, max-video-preview:-1\" \/>\n<link rel=\"canonical\" href=\"https:\/\/arquitecturatecnicacbc.com\/en\/acerca-de-mi\/\" \/>\n<meta property=\"og:locale\" content=\"en_US\" \/>\n<meta property=\"og:type\" content=\"article\" \/>\n<meta property=\"og:title\" content=\"SOBRE M\u00cd - arquitecturatecnicacbc.com\" \/>\n<meta property=\"og:description\" content=\"Soy arquitecto t\u00e9cnico, colegiado en el COAATBA (Colegio Oficial de Aparejadores y Arquitectos T\u00e9cnicos de Badajoz), desde el 2016.\" \/>\n<meta property=\"og:url\" content=\"https:\/\/arquitecturatecnicacbc.com\/en\/acerca-de-mi\/\" \/>\n<meta property=\"og:site_name\" content=\"arquitecturatecnicacbc.com\" \/>\n<meta property=\"article:modified_time\" content=\"2024-10-24T08:16:18+00:00\" \/>\n<meta property=\"og:image\" content=\"https:\/\/arquitecturatecnicacbc.com\/wp-content\/uploads\/2024\/10\/CARLOS-BENITEZ-COLLADO-2.png\" \/>\n<meta name=\"twitter:card\" content=\"summary_large_image\" \/>\n<meta name=\"twitter:label1\" content=\"Est. reading time\" \/>\n\t<meta name=\"twitter:data1\" content=\"2 minutes\" \/>\n<script type=\"application\/ld+json\" class=\"yoast-schema-graph\">{\"@context\":\"https:\/\/schema.org\",\"@graph\":[{\"@type\":\"WebPage\",\"@id\":\"https:\/\/arquitecturatecnicacbc.com\/acerca-de-mi\/\",\"url\":\"https:\/\/arquitecturatecnicacbc.com\/acerca-de-mi\/\",\"name\":\"SOBRE M\u00cd - arquitecturatecnicacbc.com\",\"isPartOf\":{\"@id\":\"https:\/\/arquitecturatecnicacbc.com\/#website\"},\"primaryImageOfPage\":{\"@id\":\"https:\/\/arquitecturatecnicacbc.com\/acerca-de-mi\/#primaryimage\"},\"image\":{\"@id\":\"https:\/\/arquitecturatecnicacbc.com\/acerca-de-mi\/#primaryimage\"},\"thumbnailUrl\":\"https:\/\/arquitecturatecnicacbc.com\/wp-content\/uploads\/2024\/10\/CARLOS-BENITEZ-COLLADO-2.png\",\"datePublished\":\"2024-09-10T15:37:16+00:00\",\"dateModified\":\"2024-10-24T08:16:18+00:00\",\"description\":\"Soy arquitecto t\u00e9cnico, colegiado en el COAATBA (Colegio Oficial de Aparejadores y Arquitectos T\u00e9cnicos de Badajoz), desde el 2016.\",\"breadcrumb\":{\"@id\":\"https:\/\/arquitecturatecnicacbc.com\/acerca-de-mi\/#breadcrumb\"},\"inLanguage\":\"en-US\",\"potentialAction\":[{\"@type\":\"ReadAction\",\"target\":[\"https:\/\/arquitecturatecnicacbc.com\/acerca-de-mi\/\"]}]},{\"@type\":\"ImageObject\",\"inLanguage\":\"en-US\",\"@id\":\"https:\/\/arquitecturatecnicacbc.com\/acerca-de-mi\/#primaryimage\",\"url\":\"https:\/\/arquitecturatecnicacbc.com\/wp-content\/uploads\/2024\/10\/CARLOS-BENITEZ-COLLADO-2.png\",\"contentUrl\":\"https:\/\/arquitecturatecnicacbc.com\/wp-content\/uploads\/2024\/10\/CARLOS-BENITEZ-COLLADO-2.png\"},{\"@type\":\"BreadcrumbList\",\"@id\":\"https:\/\/arquitecturatecnicacbc.com\/acerca-de-mi\/#breadcrumb\",\"itemListElement\":[{\"@type\":\"ListItem\",\"position\":1,\"name\":\"Portada\",\"item\":\"https:\/\/arquitecturatecnicacbc.com\/\"},{\"@type\":\"ListItem\",\"position\":2,\"name\":\"SOBRE M\u00cd\"}]},{\"@type\":\"WebSite\",\"@id\":\"https:\/\/arquitecturatecnicacbc.com\/#website\",\"url\":\"https:\/\/arquitecturatecnicacbc.com\/\",\"name\":\"arquitecturatecnicacbc.com\",\"description\":\"\",\"publisher\":{\"@id\":\"https:\/\/arquitecturatecnicacbc.com\/#organization\"},\"potentialAction\":[{\"@type\":\"SearchAction\",\"target\":{\"@type\":\"EntryPoint\",\"urlTemplate\":\"https:\/\/arquitecturatecnicacbc.com\/?s={search_term_string}\"},\"query-input\":{\"@type\":\"PropertyValueSpecification\",\"valueRequired\":true,\"valueName\":\"search_term_string\"}}],\"inLanguage\":\"en-US\"},{\"@type\":\"Organization\",\"@id\":\"https:\/\/arquitecturatecnicacbc.com\/#organization\",\"name\":\"arquitecturatecnicacbc.com\",\"url\":\"https:\/\/arquitecturatecnicacbc.com\/\",\"logo\":{\"@type\":\"ImageObject\",\"inLanguage\":\"en-US\",\"@id\":\"https:\/\/arquitecturatecnicacbc.com\/#\/schema\/logo\/image\/\",\"url\":\"https:\/\/arquitecturatecnicacbc.com\/wp-content\/uploads\/2024\/09\/LOGOTIPO-CARLOS-BENITEZ.png\",\"contentUrl\":\"https:\/\/arquitecturatecnicacbc.com\/wp-content\/uploads\/2024\/09\/LOGOTIPO-CARLOS-BENITEZ.png\",\"width\":2561,\"height\":279,\"caption\":\"arquitecturatecnicacbc.com\"},\"image\":{\"@id\":\"https:\/\/arquitecturatecnicacbc.com\/#\/schema\/logo\/image\/\"}}]}<\/script>\n<!-- \/ Yoast SEO plugin. -->","yoast_head_json":{"title":"SOBRE M\u00cd - arquitecturatecnicacbc.com","description":"Soy arquitecto t\u00e9cnico, colegiado en el COAATBA (Colegio Oficial de Aparejadores y Arquitectos T\u00e9cnicos de Badajoz), desde el 2016.","robots":{"index":"index","follow":"follow","max-snippet":"max-snippet:-1","max-image-preview":"max-image-preview:large","max-video-preview":"max-video-preview:-1"},"canonical":"https:\/\/arquitecturatecnicacbc.com\/en\/acerca-de-mi\/","og_locale":"en_US","og_type":"article","og_title":"SOBRE M\u00cd - arquitecturatecnicacbc.com","og_description":"Soy arquitecto t\u00e9cnico, colegiado en el COAATBA (Colegio Oficial de Aparejadores y Arquitectos T\u00e9cnicos de Badajoz), desde el 2016.","og_url":"https:\/\/arquitecturatecnicacbc.com\/en\/acerca-de-mi\/","og_site_name":"arquitecturatecnicacbc.com","article_modified_time":"2024-10-24T08:16:18+00:00","og_image":[{"url":"https:\/\/arquitecturatecnicacbc.com\/wp-content\/uploads\/2024\/10\/CARLOS-BENITEZ-COLLADO-2.png"}],"twitter_card":"summary_large_image","twitter_misc":{"Est. reading time":"2 minutes"},"schema":{"@context":"https:\/\/schema.org","@graph":[{"@type":"WebPage","@id":"https:\/\/arquitecturatecnicacbc.com\/acerca-de-mi\/","url":"https:\/\/arquitecturatecnicacbc.com\/acerca-de-mi\/","name":"SOBRE M\u00cd - arquitecturatecnicacbc.com","isPartOf":{"@id":"https:\/\/arquitecturatecnicacbc.com\/#website"},"primaryImageOfPage":{"@id":"https:\/\/arquitecturatecnicacbc.com\/acerca-de-mi\/#primaryimage"},"image":{"@id":"https:\/\/arquitecturatecnicacbc.com\/acerca-de-mi\/#primaryimage"},"thumbnailUrl":"https:\/\/arquitecturatecnicacbc.com\/wp-content\/uploads\/2024\/10\/CARLOS-BENITEZ-COLLADO-2.png","datePublished":"2024-09-10T15:37:16+00:00","dateModified":"2024-10-24T08:16:18+00:00","description":"Soy arquitecto t\u00e9cnico, colegiado en el COAATBA (Colegio Oficial de Aparejadores y Arquitectos T\u00e9cnicos de Badajoz), desde el 2016.","breadcrumb":{"@id":"https:\/\/arquitecturatecnicacbc.com\/acerca-de-mi\/#breadcrumb"},"inLanguage":"en-US","potentialAction":[{"@type":"ReadAction","target":["https:\/\/arquitecturatecnicacbc.com\/acerca-de-mi\/"]}]},{"@type":"ImageObject","inLanguage":"en-US","@id":"https:\/\/arquitecturatecnicacbc.com\/acerca-de-mi\/#primaryimage","url":"https:\/\/arquitecturatecnicacbc.com\/wp-content\/uploads\/2024\/10\/CARLOS-BENITEZ-COLLADO-2.png","contentUrl":"https:\/\/arquitecturatecnicacbc.com\/wp-content\/uploads\/2024\/10\/CARLOS-BENITEZ-COLLADO-2.png"},{"@type":"BreadcrumbList","@id":"https:\/\/arquitecturatecnicacbc.com\/acerca-de-mi\/#breadcrumb","itemListElement":[{"@type":"ListItem","position":1,"name":"Portada","item":"https:\/\/arquitecturatecnicacbc.com\/"},{"@type":"ListItem","position":2,"name":"SOBRE M\u00cd"}]},{"@type":"WebSite","@id":"https:\/\/arquitecturatecnicacbc.com\/#website","url":"https:\/\/arquitecturatecnicacbc.com\/","name":"arquitecturatecnicacbc.com","description":"","publisher":{"@id":"https:\/\/arquitecturatecnicacbc.com\/#organization"},"potentialAction":[{"@type":"SearchAction","target":{"@type":"EntryPoint","urlTemplate":"https:\/\/arquitecturatecnicacbc.com\/?s={search_term_string}"},"query-input":{"@type":"PropertyValueSpecification","valueRequired":true,"valueName":"search_term_string"}}],"inLanguage":"en-US"},{"@type":"Organization","@id":"https:\/\/arquitecturatecnicacbc.com\/#organization","name":"arquitecturatecnicacbc.com","url":"https:\/\/arquitecturatecnicacbc.com\/","logo":{"@type":"ImageObject","inLanguage":"en-US","@id":"https:\/\/arquitecturatecnicacbc.com\/#\/schema\/logo\/image\/","url":"https:\/\/arquitecturatecnicacbc.com\/wp-content\/uploads\/2024\/09\/LOGOTIPO-CARLOS-BENITEZ.png","contentUrl":"https:\/\/arquitecturatecnicacbc.com\/wp-content\/uploads\/2024\/09\/LOGOTIPO-CARLOS-BENITEZ.png","width":2561,"height":279,"caption":"arquitecturatecnicacbc.com"},"image":{"@id":"https:\/\/arquitecturatecnicacbc.com\/#\/schema\/logo\/image\/"}}]}},"_links":{"self":[{"href":"https:\/\/arquitecturatecnicacbc.com\/en\/wp-json\/wp\/v2\/pages\/117"}],"collection":[{"href":"https:\/\/arquitecturatecnicacbc.com\/en\/wp-json\/wp\/v2\/pages"}],"about":[{"href":"https:\/\/arquitecturatecnicacbc.com\/en\/wp-json\/wp\/v2\/types\/page"}],"author":[{"embeddable":true,"href":"https:\/\/arquitecturatecnicacbc.com\/en\/wp-json\/wp\/v2\/users\/1"}],"replies":[{"embeddable":true,"href":"https:\/\/arquitecturatecnicacbc.com\/en\/wp-json\/wp\/v2\/comments?post=117"}],"version-history":[{"count":86,"href":"https:\/\/arquitecturatecnicacbc.com\/en\/wp-json\/wp\/v2\/pages\/117\/revisions"}],"predecessor-version":[{"id":529,"href":"https:\/\/arquitecturatecnicacbc.com\/en\/wp-json\/wp\/v2\/pages\/117\/revisions\/529"}],"wp:attachment":[{"href":"https:\/\/arquitecturatecnicacbc.com\/en\/wp-json\/wp\/v2\/media?parent=117"}],"curies":[{"name":"wp","href":"https:\/\/api.w.org\/{rel}","templated":true}]}}